{"id":67,"date":"2021-03-10T23:42:47","date_gmt":"2021-03-10T22:42:47","guid":{"rendered":"http:\/\/116.203.55.94\/?page_id=67"},"modified":"2021-10-07T14:49:30","modified_gmt":"2021-10-07T12:49:30","slug":"kontakt","status":"publish","type":"page","link":"https:\/\/www.greatsalesforce.com\/de\/kontakt\/","title":{"rendered":"Kontakt"},"content":{"rendered":"\t\t<div data-elementor-type=\"wp-page\" data-elementor-id=\"67\" class=\"elementor elementor-67\" data-elementor-post-type=\"page\">\n\t\t\t\t\t\t<section class=\"elementor-section elementor-top-section elementor-element elementor-element-64c71a0 elementor-section-height-min-height elementor-section-boxed elementor-section-height-default elementor-section-items-middle\" data-id=\"64c71a0\" data-element_type=\"section\" data-settings=\"{&quot;background_background&quot;:&quot;classic&quot;}\">\n\t\t\t\t\t\t<div class=\"elementor-container elementor-column-gap-wider\">\n\t\t\t\t\t<div class=\"elementor-column elementor-col-100 elementor-top-column elementor-element elementor-element-7b8357c\" data-id=\"7b8357c\" data-element_type=\"column\">\n\t\t\t<div class=\"elementor-widget-wrap elementor-element-populated\">\n\t\t\t\t\t\t<div class=\"elementor-element elementor-element-5ff6e02 elementor-widget elementor-widget-heading\" data-id=\"5ff6e02\" data-element_type=\"widget\" data-widget_type=\"heading.default\">\n\t\t\t\t<div class=\"elementor-widget-container\">\n\t\t\t<h1 class=\"elementor-heading-title elementor-size-default\">Kontakt<\/h1>\t\t<\/div>\n\t\t\t\t<\/div>\n\t\t\t\t<div class=\"elementor-element elementor-element-f980905 elementor-widget elementor-widget-heading\" data-id=\"f980905\" data-element_type=\"widget\" data-widget_type=\"heading.default\">\n\t\t\t\t<div class=\"elementor-widget-container\">\n\t\t\t<h4 class=\"elementor-heading-title elementor-size-default\">Nehmen Sie Kontakt mit uns auf<\/h4>\t\t<\/div>\n\t\t\t\t<\/div>\n\t\t\t\t\t<\/div>\n\t\t<\/div>\n\t\t\t\t\t<\/div>\n\t\t<\/section>\n\t\t\t\t<section class=\"elementor-section elementor-top-section elementor-element elementor-element-a53fc73 elementor-section-boxed elementor-section-height-default elementor-section-height-default\" data-id=\"a53fc73\" data-element_type=\"section\">\n\t\t\t\t\t\t<div class=\"elementor-container elementor-column-gap-no\">\n\t\t\t\t\t<div class=\"elementor-column elementor-col-100 elementor-top-column elementor-element elementor-element-01279ba\" data-id=\"01279ba\" data-element_type=\"column\">\n\t\t\t<div class=\"elementor-widget-wrap elementor-element-populated\">\n\t\t\t\t\t\t<div class=\"elementor-element elementor-element-bb3c584 elementor-widget elementor-widget-template\" data-id=\"bb3c584\" data-element_type=\"widget\" data-widget_type=\"template.default\">\n\t\t\t\t<div class=\"elementor-widget-container\">\n\t\t\t\t\t<div class=\"elementor-template\">\n\t\t\t\t\t<div data-elementor-type=\"section\" data-elementor-id=\"2095\" class=\"elementor elementor-2095\" data-elementor-post-type=\"elementor_library\">\n\t\t\t\t\t<section class=\"elementor-section elementor-top-section elementor-element elementor-element-d6a83e0 elementor-section-boxed elementor-section-height-default elementor-section-height-default\" data-id=\"d6a83e0\" data-element_type=\"section\">\n\t\t\t\t\t\t<div class=\"elementor-container elementor-column-gap-wider\">\n\t\t\t\t\t<div class=\"elementor-column elementor-col-50 elementor-top-column elementor-element elementor-element-681386d\" data-id=\"681386d\" data-element_type=\"column\">\n\t\t\t<div class=\"elementor-widget-wrap elementor-element-populated\">\n\t\t\t\t\t\t<section class=\"elementor-section elementor-inner-section elementor-element elementor-element-499af4c3 elementor-section-boxed elementor-section-height-default elementor-section-height-default\" data-id=\"499af4c3\" data-element_type=\"section\">\n\t\t\t\t\t\t<div class=\"elementor-container elementor-column-gap-no\">\n\t\t\t\t\t<div class=\"elementor-column elementor-col-100 elementor-inner-column elementor-element elementor-element-5eb2b4ee\" data-id=\"5eb2b4ee\" data-element_type=\"column\">\n\t\t\t<div class=\"elementor-widget-wrap elementor-element-populated\">\n\t\t\t\t\t\t<div class=\"elementor-element elementor-element-7364532a elementor-widget elementor-widget-heading\" data-id=\"7364532a\" data-element_type=\"widget\" data-widget_type=\"heading.default\">\n\t\t\t\t<div class=\"elementor-widget-container\">\n\t\t\t<h6 class=\"elementor-heading-title elementor-size-default\">Kontakt<\/h6>\t\t<\/div>\n\t\t\t\t<\/div>\n\t\t\t\t<div class=\"elementor-element elementor-element-3c95cc6a elementor-widget elementor-widget-text-editor\" data-id=\"3c95cc6a\" data-element_type=\"widget\" data-widget_type=\"text-editor.default\">\n\t\t\t\t<div class=\"elementor-widget-container\">\n\t\t\t\t\t\t\t<p>Great Sales Force\u00ae GmbH<br \/>Museumstrasse 5\/17<br \/>1070 Wien<\/p>\t\t\t\t\t\t<\/div>\n\t\t\t\t<\/div>\n\t\t\t\t<div class=\"elementor-element elementor-element-30cfd51e elementor-widget elementor-widget-text-editor\" data-id=\"30cfd51e\" data-element_type=\"widget\" data-widget_type=\"text-editor.default\">\n\t\t\t\t<div class=\"elementor-widget-container\">\n\t\t\t\t\t\t\tMO\u2013FR: 8:00\u201318:00\t\t\t\t\t\t<\/div>\n\t\t\t\t<\/div>\n\t\t\t\t<div class=\"elementor-element elementor-element-2fe31c85 elementor-widget__width-initial elementor-widget-tablet__width-initial elementor-widget elementor-widget-image\" data-id=\"2fe31c85\" data-element_type=\"widget\" data-widget_type=\"image.default\">\n\t\t\t\t<div class=\"elementor-widget-container\">\n\t\t\t\t\t\t\t\t\t\t\t\t\t<img fetchpriority=\"high\" decoding=\"async\" width=\"268\" height=\"272\" src=\"https:\/\/www.greatsalesforce.com\/wp-content\/uploads\/2021\/03\/GSF_Phone_Icon_V2.png\" class=\"attachment-medium size-medium wp-image-570\" alt=\"\" srcset=\"https:\/\/www.greatsalesforce.com\/wp-content\/uploads\/2021\/03\/GSF_Phone_Icon_V2.png 268w, https:\/\/www.greatsalesforce.com\/wp-content\/uploads\/2021\/03\/GSF_Phone_Icon_V2-100x100.png 100w\" sizes=\"(max-width: 268px) 100vw, 268px\" \/>\t\t\t\t\t\t\t\t\t\t\t\t\t<\/div>\n\t\t\t\t<\/div>\n\t\t\t\t<div class=\"elementor-element elementor-element-688db2d1 elementor-widget__width-initial elementor-widget-tablet__width-initial elementor-widget-mobile__width-initial elementor-widget elementor-widget-text-editor\" data-id=\"688db2d1\" data-element_type=\"widget\" data-widget_type=\"text-editor.default\">\n\t\t\t\t<div class=\"elementor-widget-container\">\n\t\t\t\t\t\t\t<p><span style=\"color: #121212;\"><a style=\"color: #121212;\" href=\"tel:004313950287\">+43 1 39 50 28 7<\/a><\/span><\/p>\t\t\t\t\t\t<\/div>\n\t\t\t\t<\/div>\n\t\t\t\t<div class=\"elementor-element elementor-element-63f1503b elementor-widget__width-initial elementor-widget-tablet__width-initial elementor-widget elementor-widget-image\" data-id=\"63f1503b\" data-element_type=\"widget\" data-widget_type=\"image.default\">\n\t\t\t\t<div class=\"elementor-widget-container\">\n\t\t\t\t\t\t\t\t\t\t\t\t\t<img decoding=\"async\" width=\"300\" height=\"220\" src=\"https:\/\/www.greatsalesforce.com\/wp-content\/uploads\/2021\/03\/GSF_Email_Icon-300x220.png\" class=\"attachment-medium size-medium wp-image-569\" alt=\"\" srcset=\"https:\/\/www.greatsalesforce.com\/wp-content\/uploads\/2021\/03\/GSF_Email_Icon-300x220.png 300w, https:\/\/www.greatsalesforce.com\/wp-content\/uploads\/2021\/03\/GSF_Email_Icon.png 313w\" sizes=\"(max-width: 300px) 100vw, 300px\" \/>\t\t\t\t\t\t\t\t\t\t\t\t\t<\/div>\n\t\t\t\t<\/div>\n\t\t\t\t<div class=\"elementor-element elementor-element-674cfeb6 elementor-widget__width-initial elementor-widget-tablet__width-initial elementor-widget elementor-widget-text-editor\" data-id=\"674cfeb6\" data-element_type=\"widget\" data-widget_type=\"text-editor.default\">\n\t\t\t\t<div class=\"elementor-widget-container\">\n\t\t\t\t\t\t\t<p><span style=\"color: #121212;\"><a style=\"color: #121212;\" href=\"mailto:office@greatsalesforce.com\">office@greatsalesforce.com<\/a><\/span><\/p>\t\t\t\t\t\t<\/div>\n\t\t\t\t<\/div>\n\t\t\t\t<div class=\"elementor-element elementor-element-3e0324ca elementor-widget elementor-widget-spacer\" data-id=\"3e0324ca\" data-element_type=\"widget\" data-widget_type=\"spacer.default\">\n\t\t\t\t<div class=\"elementor-widget-container\">\n\t\t\t\t\t<div class=\"elementor-spacer\">\n\t\t\t<div class=\"elementor-spacer-inner\"><\/div>\n\t\t<\/div>\n\t\t\t\t<\/div>\n\t\t\t\t<\/div>\n\t\t\t\t\t<\/div>\n\t\t<\/div>\n\t\t\t\t\t<\/div>\n\t\t<\/section>\n\t\t\t\t<div class=\"elementor-element elementor-element-3a8f6e08 elementor-widget elementor-widget-google_maps\" data-id=\"3a8f6e08\" data-element_type=\"widget\" data-widget_type=\"google_maps.default\">\n\t\t\t\t<div class=\"elementor-widget-container\">\n\t\t\t\t\t<div class=\"elementor-custom-embed\">\n\t\t\t<iframe loading=\"lazy\"\n\t\t\t\t\tsrc=\"https:\/\/maps.google.com\/maps?q=Museumstrasse%205%2F17%2C%201070%20Wien&#038;t=m&#038;z=13&#038;output=embed&#038;iwloc=near\"\n\t\t\t\t\ttitle=\"Museumstrasse 5\/17, 1070 Wien\"\n\t\t\t\t\taria-label=\"Museumstrasse 5\/17, 1070 Wien\"\n\t\t\t><\/iframe>\n\t\t<\/div>\n\t\t\t\t<\/div>\n\t\t\t\t<\/div>\n\t\t\t\t\t<\/div>\n\t\t<\/div>\n\t\t\t\t<div class=\"elementor-column elementor-col-50 elementor-top-column elementor-element elementor-element-705f2888\" data-id=\"705f2888\" data-element_type=\"column\">\n\t\t\t<div class=\"elementor-widget-wrap elementor-element-populated\">\n\t\t\t\t\t\t<section class=\"elementor-section elementor-inner-section elementor-element elementor-element-52e22289 elementor-section-full_width elementor-section-height-default elementor-section-height-default\" data-id=\"52e22289\" data-element_type=\"section\" data-settings=\"{&quot;background_background&quot;:&quot;classic&quot;}\">\n\t\t\t\t\t\t<div class=\"elementor-container elementor-column-gap-wide\">\n\t\t\t\t\t<div class=\"elementor-column elementor-col-100 elementor-inner-column elementor-element elementor-element-15e441fc\" data-id=\"15e441fc\" data-element_type=\"column\">\n\t\t\t<div class=\"elementor-widget-wrap elementor-element-populated\">\n\t\t\t\t\t\t<div class=\"elementor-element elementor-element-7c8abd1b elementor-widget elementor-widget-heading\" data-id=\"7c8abd1b\" data-element_type=\"widget\" data-widget_type=\"heading.default\">\n\t\t\t\t<div class=\"elementor-widget-container\">\n\t\t\t<h6 class=\"elementor-heading-title elementor-size-default\">Nehmen Sie Kontakt auf<\/h6>\t\t<\/div>\n\t\t\t\t<\/div>\n\t\t\t\t<div class=\"elementor-element elementor-element-607083b1 elementor-widget elementor-widget-text-editor\" data-id=\"607083b1\" data-element_type=\"widget\" data-widget_type=\"text-editor.default\">\n\t\t\t\t<div class=\"elementor-widget-container\">\n\t\t\t\t\t\t\tM\u00f6chten Sie mehr dar\u00fcber erfahren, was wir f\u00fcr Sie tun k\u00f6nnen? Setzen Sie sich mit uns via Kontaktformular in Verbindung.\t\t\t\t\t\t<\/div>\n\t\t\t\t<\/div>\n\t\t\t\t<div class=\"elementor-element elementor-element-575b7341 elementor-button-align-stretch elementor-widget elementor-widget-form\" data-id=\"575b7341\" data-element_type=\"widget\" data-settings=\"{&quot;button_width&quot;:&quot;33&quot;,&quot;step_next_label&quot;:&quot;N\\u00e4chster&quot;,&quot;step_previous_label&quot;:&quot;Voriger&quot;,&quot;step_type&quot;:&quot;number_text&quot;,&quot;step_icon_shape&quot;:&quot;circle&quot;}\" data-widget_type=\"form.default\">\n\t\t\t\t<div class=\"elementor-widget-container\">\n\t\t\t\t\t<form class=\"elementor-form\" method=\"post\" id=\"contact_de\" name=\"Contact DE\">\n\t\t\t<input type=\"hidden\" name=\"post_id\" value=\"2095\"\/>\n\t\t\t<input type=\"hidden\" name=\"form_id\" value=\"575b7341\"\/>\n\t\t\t<input type=\"hidden\" name=\"referer_title\" value=\"Great Sales Force\" \/>\n\n\t\t\t\n\t\t\t<div class=\"elementor-form-fields-wrapper elementor-labels-\">\n\t\t\t\t\t\t\t\t<div class=\"elementor-field-type-checkbox elementor-field-group elementor-column elementor-field-group-field_b1a1386 elementor-col-100\">\n\t\t\t\t\t\t\t\t\t\t\t\t<label for=\"form-field-field_b1a1386\" class=\"elementor-field-label elementor-screen-only\">\n\t\t\t\t\t\t\t\tOptions\t\t\t\t\t\t\t<\/label>\n\t\t\t\t\t\t<div class=\"elementor-field-subgroup  \"><span class=\"elementor-field-option\"><input type=\"checkbox\" value=\"Ich m\u00f6chte mehr \u00fcber die GSF\u00ae Survey Tools, GSF\u00ae Benchmark Data oder GSF\u00ae Consulting erfahren.\" id=\"form-field-field_b1a1386-0\" name=\"form_fields[field_b1a1386][]\"> <label for=\"form-field-field_b1a1386-0\">Ich m\u00f6chte mehr \u00fcber die GSF\u00ae Survey Tools, GSF\u00ae Benchmark Data oder GSF\u00ae Consulting erfahren.<\/label><\/span><span class=\"elementor-field-option\"><input type=\"checkbox\" value=\"Ich w\u00fcrde gerne eine GSF\u00ae Survey-Demo testen.\" id=\"form-field-field_b1a1386-1\" name=\"form_fields[field_b1a1386][]\"> <label for=\"form-field-field_b1a1386-1\">Ich w\u00fcrde gerne eine GSF\u00ae Survey-Demo testen.<\/label><\/span><span class=\"elementor-field-option\"><input type=\"checkbox\" value=\"Ich m\u00f6chte eine Offerte einholen\" id=\"form-field-field_b1a1386-2\" name=\"form_fields[field_b1a1386][]\"> <label for=\"form-field-field_b1a1386-2\">Ich m\u00f6chte eine Offerte einholen<\/label><\/span><\/div>\t\t\t\t<\/div>\n\t\t\t\t\t\t\t\t<div class=\"elementor-field-type-text elementor-field-group elementor-column elementor-field-group-name elementor-col-100 elementor-field-required\">\n\t\t\t\t\t\t\t\t\t\t\t\t<label for=\"form-field-name\" class=\"elementor-field-label elementor-screen-only\">\n\t\t\t\t\t\t\t\tName\t\t\t\t\t\t\t<\/label>\n\t\t\t\t\t\t\t\t\t\t\t\t\t\t<input size=\"1\" type=\"text\" name=\"form_fields[name]\" id=\"form-field-name\" class=\"elementor-field elementor-size-sm  elementor-field-textual\" placeholder=\"* Name, Vorname\" required=\"required\" aria-required=\"true\">\n\t\t\t\t\t\t\t\t\t\t\t<\/div>\n\t\t\t\t\t\t\t\t<div class=\"elementor-field-type-email elementor-field-group elementor-column elementor-field-group-email elementor-col-100 elementor-field-required\">\n\t\t\t\t\t\t\t\t\t\t\t\t<label for=\"form-field-email\" class=\"elementor-field-label elementor-screen-only\">\n\t\t\t\t\t\t\t\tE-Mail\t\t\t\t\t\t\t<\/label>\n\t\t\t\t\t\t\t\t\t\t\t\t\t\t<input size=\"1\" type=\"email\" name=\"form_fields[email]\" id=\"form-field-email\" class=\"elementor-field elementor-size-sm  elementor-field-textual\" placeholder=\"* E-Mail\" required=\"required\" aria-required=\"true\">\n\t\t\t\t\t\t\t\t\t\t\t<\/div>\n\t\t\t\t\t\t\t\t<div class=\"elementor-field-type-tel elementor-field-group elementor-column elementor-field-group-field_57dc070 elementor-col-100\">\n\t\t\t\t\t\t\t\t\t\t\t\t<label for=\"form-field-field_57dc070\" class=\"elementor-field-label elementor-screen-only\">\n\t\t\t\t\t\t\t\tTelefon\t\t\t\t\t\t\t<\/label>\n\t\t\t\t\t\t\t\t<input size=\"1\" type=\"tel\" name=\"form_fields[field_57dc070]\" id=\"form-field-field_57dc070\" class=\"elementor-field elementor-size-sm  elementor-field-textual\" placeholder=\"Telefonnummer\" pattern=\"[0-9()#&amp;+*-=.]+\" title=\"Nur Nummern oder Telefon-Zeichen (#, -, *, etc) werden akzeptiert.\">\n\n\t\t\t\t\t\t<\/div>\n\t\t\t\t\t\t\t\t<div class=\"elementor-field-type-text elementor-field-group elementor-column elementor-field-group-field_b0d2520 elementor-col-100 elementor-field-required\">\n\t\t\t\t\t\t\t\t\t\t\t\t<label for=\"form-field-field_b0d2520\" class=\"elementor-field-label elementor-screen-only\">\n\t\t\t\t\t\t\t\tFirma\t\t\t\t\t\t\t<\/label>\n\t\t\t\t\t\t\t\t\t\t\t\t\t\t<input size=\"1\" type=\"text\" name=\"form_fields[field_b0d2520]\" id=\"form-field-field_b0d2520\" class=\"elementor-field elementor-size-sm  elementor-field-textual\" placeholder=\"* Firma\" required=\"required\" aria-required=\"true\">\n\t\t\t\t\t\t\t\t\t\t\t<\/div>\n\t\t\t\t\t\t\t\t<div class=\"elementor-field-type-textarea elementor-field-group elementor-column elementor-field-group-message elementor-col-100\">\n\t\t\t\t\t\t\t\t\t\t\t\t<label for=\"form-field-message\" class=\"elementor-field-label elementor-screen-only\">\n\t\t\t\t\t\t\t\tNachricht\t\t\t\t\t\t\t<\/label>\n\t\t\t\t\t\t<textarea class=\"elementor-field-textual elementor-field  elementor-size-sm\" name=\"form_fields[message]\" id=\"form-field-message\" rows=\"4\" placeholder=\"Nachricht\"><\/textarea>\t\t\t\t<\/div>\n\t\t\t\t\t\t\t\t<div class=\"elementor-field-type-html elementor-field-group elementor-column elementor-field-group-field_ca2a4f3 elementor-col-100\">\n\t\t\t\t\t<div style=\"font-size: 12px; color: #777777\">* Felder, die mit (*) gekennzeichnet sind, sind Pflichtfelder. <\/div>\t\t\t\t<\/div>\n\t\t\t\t\t\t\t\t<div class=\"elementor-field-type-recaptcha_v3 elementor-field-group elementor-column elementor-field-group-field_e3318fa elementor-col-100 recaptcha_v3-bottomright\">\n\t\t\t\t\t<div class=\"elementor-field\" id=\"form-field-field_e3318fa\"><div class=\"elementor-g-recaptcha\" data-sitekey=\"6LcFxLkZAAAAABdtdeBg94H7cSk0Fjd2Eb2_Ph5I\" data-type=\"v3\" data-action=\"Form\" data-badge=\"bottomright\" data-size=\"invisible\"><\/div><\/div>\t\t\t\t<\/div>\n\t\t\t\t\t\t\t\t<div class=\"elementor-field-group elementor-column elementor-field-type-submit elementor-col-33 e-form__buttons\">\n\t\t\t\t\t<button class=\"elementor-button elementor-size-sm\" type=\"submit\">\n\t\t\t\t\t\t<span class=\"elementor-button-content-wrapper\">\n\t\t\t\t\t\t\t\t\t\t\t\t\t\t\t\t\t\t\t\t\t\t<span class=\"elementor-button-text\">Senden<\/span>\n\t\t\t\t\t\t\t\t\t\t\t\t\t<\/span>\n\t\t\t\t\t<\/button>\n\t\t\t\t<\/div>\n\t\t\t<\/div>\n\t\t<\/form>\n\t\t\t\t<\/div>\n\t\t\t\t<\/div>\n\t\t\t\t\t<\/div>\n\t\t<\/div>\n\t\t\t\t\t<\/div>\n\t\t<\/section>\n\t\t\t\t\t<\/div>\n\t\t<\/div>\n\t\t\t\t\t<\/div>\n\t\t<\/section>\n\t\t\t\t<\/div>\n\t\t\t\t<\/div>\n\t\t\t\t<\/div>\n\t\t\t\t<\/div>\n\t\t\t\t\t<\/div>\n\t\t<\/div>\n\t\t\t\t\t<\/div>\n\t\t<\/section>\n\t\t\t\t<\/div>\n\t\t","protected":false},"excerpt":{"rendered":"<p>Kontakt Nehmen Sie Kontakt mit uns auf<\/p>\n","protected":false},"author":1,"featured_media":0,"parent":0,"menu_order":-50,"comment_status":"closed","ping_status":"closed","template":"","meta":{"_acf_changed":false,"footnotes":"","_links_to":"","_links_to_target":""},"class_list":["post-67","page","type-page","status-publish","hentry"],"acf":[],"yoast_head":"<!-- This site is optimized with the Yoast SEO plugin v23.7 - https:\/\/yoast.com\/wordpress\/plugins\/seo\/ -->\n<title>Kontakt &#8211; Great Sales Force<\/title>\n<meta name=\"robots\" content=\"index, follow, max-snippet:-1, max-image-preview:large, max-video-preview:-1\" \/>\n<link rel=\"canonical\" href=\"https:\/\/www.greatsalesforce.com\/de\/kontakt\/\" \/>\n<meta property=\"og:locale\" content=\"de_DE\" \/>\n<meta property=\"og:type\" content=\"article\" \/>\n<meta property=\"og:title\" content=\"Kontakt &#8211; Great Sales Force\" \/>\n<meta property=\"og:description\" content=\"Kontakt Nehmen Sie Kontakt mit uns auf\" \/>\n<meta property=\"og:url\" content=\"https:\/\/www.greatsalesforce.com\/de\/kontakt\/\" \/>\n<meta property=\"og:site_name\" content=\"Great Sales Force\" \/>\n<meta property=\"article:modified_time\" content=\"2021-10-07T12:49:30+00:00\" \/>\n<meta name=\"twitter:card\" content=\"summary_large_image\" \/>\n<meta name=\"twitter:label1\" content=\"Gesch\u00e4tzte Lesezeit\" \/>\n\t<meta name=\"twitter:data1\" content=\"3 Minuten\" \/>\n<script type=\"application\/ld+json\" class=\"yoast-schema-graph\">{\"@context\":\"https:\/\/schema.org\",\"@graph\":[{\"@type\":\"WebPage\",\"@id\":\"https:\/\/www.greatsalesforce.com\/de\/kontakt\/\",\"url\":\"https:\/\/www.greatsalesforce.com\/de\/kontakt\/\",\"name\":\"Kontakt &#8211; Great Sales Force\",\"isPartOf\":{\"@id\":\"https:\/\/www.greatsalesforce.com\/de\/#website\"},\"datePublished\":\"2021-03-10T22:42:47+00:00\",\"dateModified\":\"2021-10-07T12:49:30+00:00\",\"breadcrumb\":{\"@id\":\"https:\/\/www.greatsalesforce.com\/de\/kontakt\/#breadcrumb\"},\"inLanguage\":\"de\",\"potentialAction\":[{\"@type\":\"ReadAction\",\"target\":[\"https:\/\/www.greatsalesforce.com\/de\/kontakt\/\"]}]},{\"@type\":\"BreadcrumbList\",\"@id\":\"https:\/\/www.greatsalesforce.com\/de\/kontakt\/#breadcrumb\",\"itemListElement\":[{\"@type\":\"ListItem\",\"position\":1,\"name\":\"Startseite\",\"item\":\"https:\/\/www.greatsalesforce.com\/de\/\"},{\"@type\":\"ListItem\",\"position\":2,\"name\":\"Kontakt\"}]},{\"@type\":\"WebSite\",\"@id\":\"https:\/\/www.greatsalesforce.com\/de\/#website\",\"url\":\"https:\/\/www.greatsalesforce.com\/de\/\",\"name\":\"Great Sales Force\",\"description\":\"We turn your Sales Force from GOOD to GREAT\",\"publisher\":{\"@id\":\"https:\/\/www.greatsalesforce.com\/de\/#organization\"},\"potentialAction\":[{\"@type\":\"SearchAction\",\"target\":{\"@type\":\"EntryPoint\",\"urlTemplate\":\"https:\/\/www.greatsalesforce.com\/de\/?s={search_term_string}\"},\"query-input\":{\"@type\":\"PropertyValueSpecification\",\"valueRequired\":true,\"valueName\":\"search_term_string\"}}],\"inLanguage\":\"de\"},{\"@type\":\"Organization\",\"@id\":\"https:\/\/www.greatsalesforce.com\/de\/#organization\",\"name\":\"Great Sales Force GmbH\",\"url\":\"https:\/\/www.greatsalesforce.com\/de\/\",\"logo\":{\"@type\":\"ImageObject\",\"inLanguage\":\"de\",\"@id\":\"https:\/\/www.greatsalesforce.com\/de\/#\/schema\/logo\/image\/\",\"url\":\"https:\/\/www.greatsalesforce.com\/wp-content\/uploads\/2021\/08\/GSF-LOGO-FINAL-02.png\",\"contentUrl\":\"https:\/\/www.greatsalesforce.com\/wp-content\/uploads\/2021\/08\/GSF-LOGO-FINAL-02.png\",\"width\":1911,\"height\":852,\"caption\":\"Great Sales Force GmbH\"},\"image\":{\"@id\":\"https:\/\/www.greatsalesforce.com\/de\/#\/schema\/logo\/image\/\"}}]}<\/script>\n<!-- \/ Yoast SEO plugin. -->","yoast_head_json":{"title":"Kontakt &#8211; Great Sales Force","robots":{"index":"index","follow":"follow","max-snippet":"max-snippet:-1","max-image-preview":"max-image-preview:large","max-video-preview":"max-video-preview:-1"},"canonical":"https:\/\/www.greatsalesforce.com\/de\/kontakt\/","og_locale":"de_DE","og_type":"article","og_title":"Kontakt &#8211; Great Sales Force","og_description":"Kontakt Nehmen Sie Kontakt mit uns auf","og_url":"https:\/\/www.greatsalesforce.com\/de\/kontakt\/","og_site_name":"Great Sales Force","article_modified_time":"2021-10-07T12:49:30+00:00","twitter_card":"summary_large_image","twitter_misc":{"Gesch\u00e4tzte Lesezeit":"3 Minuten"},"schema":{"@context":"https:\/\/schema.org","@graph":[{"@type":"WebPage","@id":"https:\/\/www.greatsalesforce.com\/de\/kontakt\/","url":"https:\/\/www.greatsalesforce.com\/de\/kontakt\/","name":"Kontakt &#8211; Great Sales Force","isPartOf":{"@id":"https:\/\/www.greatsalesforce.com\/de\/#website"},"datePublished":"2021-03-10T22:42:47+00:00","dateModified":"2021-10-07T12:49:30+00:00","breadcrumb":{"@id":"https:\/\/www.greatsalesforce.com\/de\/kontakt\/#breadcrumb"},"inLanguage":"de","potentialAction":[{"@type":"ReadAction","target":["https:\/\/www.greatsalesforce.com\/de\/kontakt\/"]}]},{"@type":"BreadcrumbList","@id":"https:\/\/www.greatsalesforce.com\/de\/kontakt\/#breadcrumb","itemListElement":[{"@type":"ListItem","position":1,"name":"Startseite","item":"https:\/\/www.greatsalesforce.com\/de\/"},{"@type":"ListItem","position":2,"name":"Kontakt"}]},{"@type":"WebSite","@id":"https:\/\/www.greatsalesforce.com\/de\/#website","url":"https:\/\/www.greatsalesforce.com\/de\/","name":"Great Sales Force","description":"We turn your Sales Force from GOOD to GREAT","publisher":{"@id":"https:\/\/www.greatsalesforce.com\/de\/#organization"},"potentialAction":[{"@type":"SearchAction","target":{"@type":"EntryPoint","urlTemplate":"https:\/\/www.greatsalesforce.com\/de\/?s={search_term_string}"},"query-input":{"@type":"PropertyValueSpecification","valueRequired":true,"valueName":"search_term_string"}}],"inLanguage":"de"},{"@type":"Organization","@id":"https:\/\/www.greatsalesforce.com\/de\/#organization","name":"Great Sales Force GmbH","url":"https:\/\/www.greatsalesforce.com\/de\/","logo":{"@type":"ImageObject","inLanguage":"de","@id":"https:\/\/www.greatsalesforce.com\/de\/#\/schema\/logo\/image\/","url":"https:\/\/www.greatsalesforce.com\/wp-content\/uploads\/2021\/08\/GSF-LOGO-FINAL-02.png","contentUrl":"https:\/\/www.greatsalesforce.com\/wp-content\/uploads\/2021\/08\/GSF-LOGO-FINAL-02.png","width":1911,"height":852,"caption":"Great Sales Force GmbH"},"image":{"@id":"https:\/\/www.greatsalesforce.com\/de\/#\/schema\/logo\/image\/"}}]}},"_links":{"self":[{"href":"https:\/\/www.greatsalesforce.com\/de\/wp-json\/wp\/v2\/pages\/67"}],"collection":[{"href":"https:\/\/www.greatsalesforce.com\/de\/wp-json\/wp\/v2\/pages"}],"about":[{"href":"https:\/\/www.greatsalesforce.com\/de\/wp-json\/wp\/v2\/types\/page"}],"author":[{"embeddable":true,"href":"https:\/\/www.greatsalesforce.com\/de\/wp-json\/wp\/v2\/users\/1"}],"replies":[{"embeddable":true,"href":"https:\/\/www.greatsalesforce.com\/de\/wp-json\/wp\/v2\/comments?post=67"}],"version-history":[{"count":10,"href":"https:\/\/www.greatsalesforce.com\/de\/wp-json\/wp\/v2\/pages\/67\/revisions"}],"predecessor-version":[{"id":4119,"href":"https:\/\/www.greatsalesforce.com\/de\/wp-json\/wp\/v2\/pages\/67\/revisions\/4119"}],"wp:attachment":[{"href":"https:\/\/www.greatsalesforce.com\/de\/wp-json\/wp\/v2\/media?parent=67"}],"curies":[{"name":"wp","href":"https:\/\/api.w.org\/{rel}","templated":true}]}}